{"id":42,"date":"2024-02-12T12:15:56","date_gmt":"2024-02-12T11:15:56","guid":{"rendered":"https:\/\/ozeko.com.pl\/?page_id=42"},"modified":"2024-02-28T15:18:02","modified_gmt":"2024-02-28T14:18:02","slug":"ozeko","status":"publish","type":"page","link":"https:\/\/ozeko.com.pl\/","title":{"rendered":"OZEKO"},"content":{"rendered":"\n<p>Energia odnawialna, jako najszybszy i najbardziej op\u0142acalny spos\u00f3b wytwarzania energii elektrycznej, bez udzia\u0142u paliw kopalnych, nie tylko podnosi swoje znaczenie, ale staje si\u0119 niezb\u0119dnym filarem przysz\u0142ego rozwoju energetycznego. To rewolucyjne podej\u015bcie do zasilania \u015bwiatowej gospodarki, kt\u00f3re nie tylko zaspokaja jej potrzeby, ale r\u00f3wnie\u017c chroni nasze \u015brodowisko naturalne.<\/p>\n\n\n\n<p>OZEKO powsta\u0142o w odpowiedzi na rosn\u0105ce zapotrzebowanie na us\u0142ugi zwi\u0105zane z rozwojem projekt\u00f3w OZE, zar\u00f3wno ze strony polskich, jak i zagranicznych inwestor\u00f3w. <\/p>\n\n\n\n<p>Firma \u0142\u0105czy w sobie nie tylko wiedz\u0119 i do\u015bwiadczenie in\u017cynierskie, ale tak\u017ce bogate do\u015bwiadczenie prawne, niezb\u0119dne dla skutecznego rozwijania projekt\u00f3w zwi\u0105zanych z odnawialnymi \u017ar\u00f3d\u0142ami energii. <\/p>\n\n\n\n<p>Dzi\u0119ki holistycznemu podej\u015bciu do projekt\u00f3w OZEKO jest w stanie \u015bwiadczy\u0107 kompleksowe us\u0142ugi, zapewniaj\u0105c klientom wsparcie na ka\u017cdym etapie realizacji projektu, od koncepcji po wdro\u017cenie.<\/p>\n","protected":false},"excerpt":{"rendered":"<p>Energia odnawialna, jako najszybszy i najbardziej op\u0142acalny spos\u00f3b wytwarzania energii elektrycznej, bez udzia\u0142u paliw kopalnych, nie tylko podnosi swoje znaczenie, ale staje si\u0119 niezb\u0119dnym filarem przysz\u0142ego rozwoju energetycznego. To rewolucyjne podej\u015bcie do zasilania \u015bwiatowej gospodarki, kt\u00f3re nie tylko zaspokaja jej potrzeby, ale r\u00f3wnie\u017c chroni nasze \u015brodowisko naturalne. OZEKO powsta\u0142o w odpowiedzi na rosn\u0105ce zapotrzebowanie na [&hellip;]<\/p>\n","protected":false},"author":1,"featured_media":40,"parent":0,"menu_order":0,"comment_status":"closed","ping_status":"closed","template":"","meta":{"_themeisle_gutenberg_block_has_review":false,"footnotes":""},"class_list":["post-42","page","type-page","status-publish","has-post-thumbnail","hentry"],"yoast_head":"<!-- This site is optimized with the Yoast SEO plugin v22.1 - https:\/\/yoast.com\/wordpress\/plugins\/seo\/ -->\n<title>OZEKO - OZEKO<\/title>\n<meta name=\"robots\" content=\"index, follow, max-snippet:-1, max-image-preview:large, max-video-preview:-1\" \/>\n<link rel=\"canonical\" href=\"https:\/\/ozeko.com.pl\/\" \/>\n<meta property=\"og:locale\" content=\"en_US\" \/>\n<meta property=\"og:type\" content=\"article\" \/>\n<meta property=\"og:title\" content=\"OZEKO - OZEKO\" \/>\n<meta property=\"og:description\" content=\"Energia odnawialna, jako najszybszy i najbardziej op\u0142acalny spos\u00f3b wytwarzania energii elektrycznej, bez udzia\u0142u paliw kopalnych, nie tylko podnosi swoje znaczenie, ale staje si\u0119 niezb\u0119dnym filarem przysz\u0142ego rozwoju energetycznego. To rewolucyjne podej\u015bcie do zasilania \u015bwiatowej gospodarki, kt\u00f3re nie tylko zaspokaja jej potrzeby, ale r\u00f3wnie\u017c chroni nasze \u015brodowisko naturalne. OZEKO powsta\u0142o w odpowiedzi na rosn\u0105ce zapotrzebowanie na [&hellip;]\" \/>\n<meta property=\"og:url\" content=\"https:\/\/ozeko.com.pl\/\" \/>\n<meta property=\"og:site_name\" content=\"OZEKO\" \/>\n<meta property=\"article:modified_time\" content=\"2024-02-28T14:18:02+00:00\" \/>\n<meta name=\"twitter:card\" content=\"summary_large_image\" \/>\n<meta name=\"twitter:label1\" content=\"Est. reading time\" \/>\n\t<meta name=\"twitter:data1\" content=\"1 minute\" \/>\n<script type=\"application\/ld+json\" class=\"yoast-schema-graph\">{\"@context\":\"https:\/\/schema.org\",\"@graph\":[{\"@type\":\"WebPage\",\"@id\":\"https:\/\/ozeko.com.pl\/\",\"url\":\"https:\/\/ozeko.com.pl\/\",\"name\":\"OZEKO - OZEKO\",\"isPartOf\":{\"@id\":\"https:\/\/ozeko.com.pl\/#website\"},\"datePublished\":\"2024-02-12T11:15:56+00:00\",\"dateModified\":\"2024-02-28T14:18:02+00:00\",\"breadcrumb\":{\"@id\":\"https:\/\/ozeko.com.pl\/#breadcrumb\"},\"inLanguage\":\"en-US\",\"potentialAction\":[{\"@type\":\"ReadAction\",\"target\":[\"https:\/\/ozeko.com.pl\/\"]}]},{\"@type\":\"BreadcrumbList\",\"@id\":\"https:\/\/ozeko.com.pl\/#breadcrumb\",\"itemListElement\":[{\"@type\":\"ListItem\",\"position\":1,\"name\":\"Home\",\"item\":\"https:\/\/ozeko.com.pl\/\"},{\"@type\":\"ListItem\",\"position\":2,\"name\":\"OZEKO\"}]},{\"@type\":\"WebSite\",\"@id\":\"https:\/\/ozeko.com.pl\/#website\",\"url\":\"https:\/\/ozeko.com.pl\/\",\"name\":\"OZEKO\",\"description\":\"\",\"publisher\":{\"@id\":\"https:\/\/ozeko.com.pl\/#organization\"},\"potentialAction\":[{\"@type\":\"SearchAction\",\"target\":{\"@type\":\"EntryPoint\",\"urlTemplate\":\"https:\/\/ozeko.com.pl\/?s={search_term_string}\"},\"query-input\":\"required name=search_term_string\"}],\"inLanguage\":\"en-US\"},{\"@type\":\"Organization\",\"@id\":\"https:\/\/ozeko.com.pl\/#organization\",\"name\":\"OZEKO\",\"url\":\"https:\/\/ozeko.com.pl\/\",\"logo\":{\"@type\":\"ImageObject\",\"inLanguage\":\"en-US\",\"@id\":\"https:\/\/ozeko.com.pl\/#\/schema\/logo\/image\/\",\"url\":\"https:\/\/ozeko.com.pl\/wp-content\/uploads\/2024\/02\/cropped-cropped-OZEKO-Przezr.jpg\",\"contentUrl\":\"https:\/\/ozeko.com.pl\/wp-content\/uploads\/2024\/02\/cropped-cropped-OZEKO-Przezr.jpg\",\"width\":1886,\"height\":249,\"caption\":\"OZEKO\"},\"image\":{\"@id\":\"https:\/\/ozeko.com.pl\/#\/schema\/logo\/image\/\"}}]}<\/script>\n<!-- \/ Yoast SEO plugin. -->","yoast_head_json":{"title":"OZEKO - OZEKO","robots":{"index":"index","follow":"follow","max-snippet":"max-snippet:-1","max-image-preview":"max-image-preview:large","max-video-preview":"max-video-preview:-1"},"canonical":"https:\/\/ozeko.com.pl\/","og_locale":"en_US","og_type":"article","og_title":"OZEKO - OZEKO","og_description":"Energia odnawialna, jako najszybszy i najbardziej op\u0142acalny spos\u00f3b wytwarzania energii elektrycznej, bez udzia\u0142u paliw kopalnych, nie tylko podnosi swoje znaczenie, ale staje si\u0119 niezb\u0119dnym filarem przysz\u0142ego rozwoju energetycznego. To rewolucyjne podej\u015bcie do zasilania \u015bwiatowej gospodarki, kt\u00f3re nie tylko zaspokaja jej potrzeby, ale r\u00f3wnie\u017c chroni nasze \u015brodowisko naturalne. OZEKO powsta\u0142o w odpowiedzi na rosn\u0105ce zapotrzebowanie na [&hellip;]","og_url":"https:\/\/ozeko.com.pl\/","og_site_name":"OZEKO","article_modified_time":"2024-02-28T14:18:02+00:00","twitter_card":"summary_large_image","twitter_misc":{"Est. reading time":"1 minute"},"schema":{"@context":"https:\/\/schema.org","@graph":[{"@type":"WebPage","@id":"https:\/\/ozeko.com.pl\/","url":"https:\/\/ozeko.com.pl\/","name":"OZEKO - OZEKO","isPartOf":{"@id":"https:\/\/ozeko.com.pl\/#website"},"datePublished":"2024-02-12T11:15:56+00:00","dateModified":"2024-02-28T14:18:02+00:00","breadcrumb":{"@id":"https:\/\/ozeko.com.pl\/#breadcrumb"},"inLanguage":"en-US","potentialAction":[{"@type":"ReadAction","target":["https:\/\/ozeko.com.pl\/"]}]},{"@type":"BreadcrumbList","@id":"https:\/\/ozeko.com.pl\/#breadcrumb","itemListElement":[{"@type":"ListItem","position":1,"name":"Home","item":"https:\/\/ozeko.com.pl\/"},{"@type":"ListItem","position":2,"name":"OZEKO"}]},{"@type":"WebSite","@id":"https:\/\/ozeko.com.pl\/#website","url":"https:\/\/ozeko.com.pl\/","name":"OZEKO","description":"","publisher":{"@id":"https:\/\/ozeko.com.pl\/#organization"},"potentialAction":[{"@type":"SearchAction","target":{"@type":"EntryPoint","urlTemplate":"https:\/\/ozeko.com.pl\/?s={search_term_string}"},"query-input":"required name=search_term_string"}],"inLanguage":"en-US"},{"@type":"Organization","@id":"https:\/\/ozeko.com.pl\/#organization","name":"OZEKO","url":"https:\/\/ozeko.com.pl\/","logo":{"@type":"ImageObject","inLanguage":"en-US","@id":"https:\/\/ozeko.com.pl\/#\/schema\/logo\/image\/","url":"https:\/\/ozeko.com.pl\/wp-content\/uploads\/2024\/02\/cropped-cropped-OZEKO-Przezr.jpg","contentUrl":"https:\/\/ozeko.com.pl\/wp-content\/uploads\/2024\/02\/cropped-cropped-OZEKO-Przezr.jpg","width":1886,"height":249,"caption":"OZEKO"},"image":{"@id":"https:\/\/ozeko.com.pl\/#\/schema\/logo\/image\/"}}]}},"_links":{"self":[{"href":"https:\/\/ozeko.com.pl\/index.php?rest_route=\/wp\/v2\/pages\/42","targetHints":{"allow":["GET"]}}],"collection":[{"href":"https:\/\/ozeko.com.pl\/index.php?rest_route=\/wp\/v2\/pages"}],"about":[{"href":"https:\/\/ozeko.com.pl\/index.php?rest_route=\/wp\/v2\/types\/page"}],"author":[{"embeddable":true,"href":"https:\/\/ozeko.com.pl\/index.php?rest_route=\/wp\/v2\/users\/1"}],"replies":[{"embeddable":true,"href":"https:\/\/ozeko.com.pl\/index.php?rest_route=%2Fwp%2Fv2%2Fcomments&post=42"}],"version-history":[{"count":3,"href":"https:\/\/ozeko.com.pl\/index.php?rest_route=\/wp\/v2\/pages\/42\/revisions"}],"predecessor-version":[{"id":76,"href":"https:\/\/ozeko.com.pl\/index.php?rest_route=\/wp\/v2\/pages\/42\/revisions\/76"}],"wp:featuredmedia":[{"embeddable":true,"href":"https:\/\/ozeko.com.pl\/index.php?rest_route=\/wp\/v2\/media\/40"}],"wp:attachment":[{"href":"https:\/\/ozeko.com.pl\/index.php?rest_route=%2Fwp%2Fv2%2Fmedia&parent=42"}],"curies":[{"name":"wp","href":"https:\/\/api.w.org\/{rel}","templated":true}]}}